{"id":107,"date":"2025-05-06T12:28:44","date_gmt":"2025-05-06T12:28:44","guid":{"rendered":"https:\/\/modesta-hilfe.de\/?page_id=107"},"modified":"2026-01-12T12:04:04","modified_gmt":"2026-01-12T12:04:04","slug":"datenschutzerklarung","status":"publish","type":"page","link":"https:\/\/modesta-hilfe.de\/de_de\/datenschutzerklarung\/","title":{"rendered":"Datenschutzerkl\u00e4rung"},"content":{"rendered":"\t\t<div data-elementor-type=\"wp-page\" data-elementor-id=\"107\" class=\"elementor elementor-107\">\n\t\t\t\t<div class=\"elementor-element elementor-element-bc8f624 e-flex e-con-boxed e-con e-parent\" data-id=\"bc8f624\" data-element_type=\"container\" data-e-type=\"container\">\n\t\t\t\t\t<div class=\"e-con-inner\">\n\t\t\t\t<div class=\"elementor-element elementor-element-23370c9 e-transform elementor-widget elementor-widget-text-editor\" data-id=\"23370c9\" data-element_type=\"widget\" data-e-type=\"widget\" data-settings=\"{&quot;_transform_translateY_effect&quot;:{&quot;unit&quot;:&quot;px&quot;,&quot;size&quot;:0,&quot;sizes&quot;:[]},&quot;_transform_translateX_effect&quot;:{&quot;unit&quot;:&quot;px&quot;,&quot;size&quot;:&quot;&quot;,&quot;sizes&quot;:[]},&quot;_transform_translateX_effect_tablet&quot;:{&quot;unit&quot;:&quot;px&quot;,&quot;size&quot;:&quot;&quot;,&quot;sizes&quot;:[]},&quot;_transform_translateX_effect_mobile&quot;:{&quot;unit&quot;:&quot;px&quot;,&quot;size&quot;:&quot;&quot;,&quot;sizes&quot;:[]},&quot;_transform_translateY_effect_tablet&quot;:{&quot;unit&quot;:&quot;px&quot;,&quot;size&quot;:&quot;&quot;,&quot;sizes&quot;:[]},&quot;_transform_translateY_effect_mobile&quot;:{&quot;unit&quot;:&quot;px&quot;,&quot;size&quot;:&quot;&quot;,&quot;sizes&quot;:[]}}\" data-widget_type=\"text-editor.default\">\n\t\t\t\t<div class=\"elementor-widget-container\">\n\t\t\t\t\t\t\t\t\t<h3 style=\"text-align: center;\" data-start=\"1582\" data-end=\"1610\">\u00a0<\/h3><h4 style=\"text-align: left; padding-left: 40px;\" data-start=\"1582\" data-end=\"1610\"><strong data-start=\"559\" data-end=\"583\">Datenschutzerkl\u00e4rung<\/strong><\/h4><hr \/><h3 class=\"\" style=\"padding-left: 40px;\" data-start=\"585\" data-end=\"613\">1. Allgemeiner Hinweis<\/h3><p class=\"\" style=\"padding-left: 40px;\" data-start=\"614\" data-end=\"941\">Der Schutz Ihrer pers\u00f6nlichen Daten ist uns ein besonderes Anliegen. Wir verarbeiten Ihre Daten daher ausschlie\u00dflich auf Grundlage der gesetzlichen Bestimmungen (insbesondere <strong data-start=\"789\" data-end=\"798\">DSGVO<\/strong> und <strong data-start=\"803\" data-end=\"812\">TTDSG<\/strong>). In diesen Datenschutzinformationen informieren wir Sie \u00fcber die wichtigsten Aspekte der Datenverarbeitung auf unserer Website.<\/p><hr class=\"\" style=\"padding-left: 40px;\" data-start=\"943\" data-end=\"946\" \/><h3 class=\"\" style=\"padding-left: 40px;\" data-start=\"948\" data-end=\"973\">2. Verantwortlicher<\/h3><p class=\"\" style=\"padding-left: 40px;\" data-start=\"974\" data-end=\"1097\"><strong data-start=\"974\" data-end=\"1013\">F\u00f6rderverein Sr. Modesta-Hilfe e.V.<\/strong><br data-start=\"1013\" data-end=\"1016\" \/>Christa Mertens<br data-start=\"1031\" data-end=\"1034\" \/>L\u00fcftenweg 7<br data-start=\"1045\" data-end=\"1048\" \/>83646 Wackersberg<br data-start=\"1065\" data-end=\"1068\" \/>E-Mail: <a class=\"cursor-pointer\" rel=\"noopener\" data-start=\"1076\" data-end=\"1097\">info@modesta-hilfe.de<\/a><\/p><hr class=\"\" style=\"padding-left: 40px;\" data-start=\"1099\" data-end=\"1102\" \/><h3 class=\"\" style=\"padding-left: 40px;\" data-start=\"1104\" data-end=\"1120\">3. Hosting<\/h3><p class=\"\" style=\"padding-left: 40px;\" data-start=\"1121\" data-end=\"1350\">Unsere Website wird bei <strong data-start=\"1145\" data-end=\"1157\">IONOS SE<\/strong>, Elgendorfer Str. 57, 56410 Montabaur gehostet.<br data-start=\"1205\" data-end=\"1208\" \/>IONOS erhebt und speichert automatisch Informationen in sogenannten Server-Logfiles, die Ihr Browser automatisch \u00fcbermittelt. Dies sind z.\u202fB.:<\/p><ul><li style=\"list-style-type: none;\"><ul data-start=\"1351\" data-end=\"1478\"><li class=\"\" data-start=\"1351\" data-end=\"1363\"><p class=\"\" data-start=\"1353\" data-end=\"1363\">IP-Adresse<\/p><\/li><li class=\"\" data-start=\"1364\" data-end=\"1395\"><p class=\"\" data-start=\"1366\" data-end=\"1395\">Datum und Uhrzeit des Zugrufs<\/p><\/li><li class=\"\" data-start=\"1396\" data-end=\"1423\"><p class=\"\" data-start=\"1398\" data-end=\"1423\">aufgerufene Seite \/ Datei<\/p><\/li><li class=\"\" data-start=\"1424\" data-end=\"1449\"><p class=\"\" data-start=\"1426\" data-end=\"1449\">Browsertyp und -version<\/p><\/li><li class=\"\" data-start=\"1450\" data-end=\"1478\"><p class=\"\" data-start=\"1452\" data-end=\"1478\">verwendetes Betriebssystem<\/p><\/li><\/ul><\/li><\/ul><p class=\"\" style=\"padding-left: 40px;\" data-start=\"1480\" data-end=\"1664\">Diese Datenverarbeitung erfolgt zur technisch fehlerfreien Bereitstellung der Website und zur Sicherstellung der Systemsicherheit (Art. 6 Abs. 1 lit. f DSGVO \u2013 berechtigtes Interesse).<\/p><p class=\"\" style=\"padding-left: 40px;\" data-start=\"1666\" data-end=\"1737\">Ein Auftragsverarbeitungsvertrag mit IONOS besteht gem\u00e4\u00df Art. 28 DSGVO.<\/p><hr class=\"\" style=\"padding-left: 40px;\" data-start=\"1739\" data-end=\"1742\" \/><h3 class=\"\" style=\"padding-left: 40px;\" data-start=\"1744\" data-end=\"1778\">4. Kontaktformular (WPForms)<\/h3><p class=\"\" style=\"padding-left: 40px;\" data-start=\"1779\" data-end=\"2093\">Wenn Sie per Formular auf der Website Kontakt mit uns aufnehmen, werden die von Ihnen angegebenen Daten zwecks Bearbeitung der Anfrage und f\u00fcr den Fall von Anschlussfragen gespeichert. Diese Daten geben wir <strong data-start=\"1988\" data-end=\"2020\">nicht ohne Ihre Einwilligung<\/strong> weiter.<br data-start=\"2028\" data-end=\"2031\" \/><strong data-start=\"2031\" data-end=\"2051\">Rechtsgrundlage:<\/strong> Art. 6 Abs. 1 lit. a DSGVO (Einwilligung)<\/p><hr class=\"\" style=\"padding-left: 40px;\" data-start=\"2095\" data-end=\"2098\" \/><h3 class=\"\" style=\"padding-left: 40px;\" data-start=\"2100\" data-end=\"2128\">5. Cookies und Consent<\/h3><p class=\"\" style=\"padding-left: 40px;\" data-start=\"2129\" data-end=\"2476\">Sie k\u00f6nnen Ihre Auswahl jederzeit \u00fcber den Cookie-Banner (Complianz) \u00e4ndern, <strong data-start=\"814\" data-end=\"872\">sofern zustimmungspflichtige Cookies verwendet werden.<\/strong><br data-start=\"872\" data-end=\"875\" \/><strong>Derzeit werden keine solchen Cookies gesetzt, daher erscheint ggf. kein Banner.<\/strong><\/p><p class=\"\" style=\"padding-left: 40px;\" data-start=\"2478\" data-end=\"2500\"><strong data-start=\"2478\" data-end=\"2498\">Rechtsgrundlage:<\/strong><\/p><ul><li style=\"list-style-type: none;\"><ul data-start=\"2501\" data-end=\"2668\"><li class=\"\" data-start=\"2501\" data-end=\"2581\"><p class=\"\" data-start=\"2503\" data-end=\"2581\">f\u00fcr essenzielle Cookies: Art. 6 Abs. 1 lit. f DSGVO (berechtigtes Interesse)<\/p><\/li><li class=\"\" data-start=\"2582\" data-end=\"2668\"><p class=\"\" data-start=\"2584\" data-end=\"2668\">f\u00fcr alle anderen Cookies: Art. 6 Abs. 1 lit. a DSGVO i.V.m. \u00a725 TTDSG (Einwilligung)<\/p><\/li><\/ul><\/li><\/ul><hr class=\"\" style=\"padding-left: 40px;\" data-start=\"2670\" data-end=\"2673\" \/><h3 class=\"\" style=\"padding-left: 40px;\" data-start=\"2675\" data-end=\"2715\">6. Externe Inhalte \/ Analyse-Tools<\/h3><p class=\"\" style=\"padding-left: 40px;\" data-start=\"2716\" data-end=\"2952\">Wir verwenden <strong data-start=\"2730\" data-end=\"2756\">keine Webanalyse-Tools<\/strong>, <strong data-start=\"2758\" data-end=\"2801\">keine extern eingebundenen Schriftarten<\/strong> (z.\u202fB. Google Fonts) und <strong data-start=\"2827\" data-end=\"2857\">keine Social-Media-Plugins<\/strong>.<br data-start=\"2858\" data-end=\"2861\" \/>Drittinhalte wie YouTube, Google Maps oder \u00e4hnliche Dienste werden derzeit nicht verwendet.<\/p><hr class=\"\" style=\"padding-left: 40px;\" data-start=\"2954\" data-end=\"2957\" \/><h3 class=\"\" style=\"padding-left: 40px;\" data-start=\"2959\" data-end=\"3017\">7. Do Not Track &amp; Globale Datenschutzkontrolle (GPC)<\/h3><p class=\"\" style=\"padding-left: 40px;\" data-start=\"3018\" data-end=\"3335\">Unsere Website respektiert die von Ihrem Browser gesetzten Datenschutzsignale wie <strong data-start=\"3100\" data-end=\"3124\">\u201eDo Not Track\u201c (DNT)<\/strong> und <strong data-start=\"3129\" data-end=\"3163\">\u201eGlobal Privacy Control\u201c (GPC)<\/strong>.<br data-start=\"3164\" data-end=\"3167\" \/>Wenn Ihr Browser ein solches Signal \u00fcbermittelt, blockieren wir automatisch alle nicht notwendigen Cookies und Dienste \u2013 auch ohne Ihre aktive Auswahl im Cookie-Banner.<\/p><hr class=\"\" style=\"padding-left: 40px;\" data-start=\"3337\" data-end=\"3340\" \/><h3 class=\"\" style=\"padding-left: 40px;\" data-start=\"3342\" data-end=\"3383\">8. Spendenhinweis \/ Kontoverbindung<\/h3><p class=\"\" style=\"padding-left: 40px;\" data-start=\"3384\" data-end=\"3715\">Bei einer Spende per \u00dcberweisung werden ggf. personenbezogene Daten (z.\u202fB. Name, IBAN, Verwendungszweck) von Ihrer Bank an uns \u00fcbermittelt. Diese Daten verwenden wir ausschlie\u00dflich zur Zuordnung und ggf. Ausstellung einer Zuwendungsbescheinigung. Die Datenverarbeitung erfolgt gem\u00e4\u00df Art. 6 Abs. 1 lit. b DSGVO (Vertrag \/ Spende).<\/p><p class=\"\" style=\"padding-left: 40px;\" data-start=\"3717\" data-end=\"3797\">Die Verarbeitung bei Ihrer Bank unterliegt deren eigenen Datenschutzrichtlinien.<\/p><hr class=\"\" style=\"padding-left: 40px;\" data-start=\"3799\" data-end=\"3802\" \/><h3 class=\"\" style=\"padding-left: 40px;\" data-start=\"3804\" data-end=\"3824\">9. Ihre Rechte<\/h3><p class=\"\" style=\"padding-left: 40px;\" data-start=\"3825\" data-end=\"3857\">Ihnen stehen folgende Rechte zu:<\/p><ul><li style=\"list-style-type: none;\"><ul data-start=\"3858\" data-end=\"4143\"><li class=\"\" data-start=\"3858\" data-end=\"3894\"><p class=\"\" data-start=\"3860\" data-end=\"3894\">Recht auf Auskunft (Art. 15 DSGVO)<\/p><\/li><li class=\"\" data-start=\"3895\" data-end=\"3935\"><p class=\"\" data-start=\"3897\" data-end=\"3935\">Recht auf Berichtigung (Art. 16 DSGVO)<\/p><\/li><li class=\"\" data-start=\"3936\" data-end=\"3972\"><p class=\"\" data-start=\"3938\" data-end=\"3972\">Recht auf L\u00f6schung (Art. 17 DSGVO)<\/p><\/li><li class=\"\" data-start=\"3973\" data-end=\"4031\"><p class=\"\" data-start=\"3975\" data-end=\"4031\">Recht auf Einschr\u00e4nkung der Verarbeitung (Art. 18 DSGVO)<\/p><\/li><li class=\"\" data-start=\"4032\" data-end=\"4080\"><p class=\"\" data-start=\"4034\" data-end=\"4080\">Recht auf Daten\u00fcbertragbarkeit (Art. 20 DSGVO)<\/p><\/li><li class=\"\" data-start=\"4081\" data-end=\"4143\"><p class=\"\" data-start=\"4083\" data-end=\"4143\">Recht auf Widerspruch gegen die Verarbeitung (Art. 21 DSGVO)<\/p><\/li><\/ul><\/li><\/ul><p class=\"\" style=\"padding-left: 40px;\" data-start=\"4145\" data-end=\"4315\">Wenn Sie glauben, dass die Verarbeitung Ihrer Daten gegen das Datenschutzrecht verst\u00f6\u00dft, haben Sie das Recht, sich bei der <strong data-start=\"4268\" data-end=\"4300\">zust\u00e4ndigen Aufsichtsbeh\u00f6rde<\/strong> zu beschweren.<\/p><hr class=\"\" style=\"padding-left: 40px;\" data-start=\"4317\" data-end=\"4320\" \/><h3 class=\"\" style=\"padding-left: 40px;\" data-start=\"4322\" data-end=\"4351\">10. Kontakt Datenschutz<\/h3><p class=\"\" style=\"padding-left: 40px;\" data-start=\"4352\" data-end=\"4440\">F\u00fcr datenschutzrechtliche Anliegen wenden Sie sich bitte an:<br data-start=\"4412\" data-end=\"4415\" \/><strong data-start=\"4415\" data-end=\"4440\"><a class=\"cursor-pointer\" rel=\"noopener\" data-start=\"4417\" data-end=\"4438\">info@modesta-hilfe.de<\/a><\/strong><\/p><hr class=\"\" style=\"padding-left: 40px;\" data-start=\"4442\" data-end=\"4445\" \/><h3 class=\"\" style=\"padding-left: 40px;\" data-start=\"4447\" data-end=\"4491\">Stand der Datenschutzerkl\u00e4rung: Mai 2025<\/h3>\t\t\t\t\t\t\t\t<\/div>\n\t\t\t\t<\/div>\n\t\t\t\t\t<\/div>\n\t\t\t\t<\/div>\n\t\t<div class=\"elementor-element elementor-element-4087490 e-flex e-con-boxed e-con e-parent\" data-id=\"4087490\" data-element_type=\"container\" data-e-type=\"container\">\n\t\t\t\t\t<div class=\"e-con-inner\">\n\t\t\t\t\t<\/div>\n\t\t\t\t<\/div>\n\t\t\t\t<\/div>\n\t\t","protected":false},"excerpt":{"rendered":"<p>\u00a0 Datenschutzerkl\u00e4rung 1. Allgemeiner Hinweis Der Schutz Ihrer pers\u00f6nlichen Daten ist uns ein besonderes Anliegen. Wir verarbeiten Ihre Daten daher ausschlie\u00dflich auf Grundlage der gesetzlichen Bestimmungen (insbesondere DSGVO und TTDSG). In diesen Datenschutzinformationen informieren wir Sie \u00fcber die wichtigsten Aspekte der Datenverarbeitung auf unserer Website. 2. Verantwortlicher F\u00f6rderverein Sr. Modesta-Hilfe e.V.Christa MertensL\u00fcftenweg 783646 WackersbergE-Mail: info@modesta-hilfe.de [&hellip;]<\/p>\n","protected":false},"author":1,"featured_media":0,"parent":0,"menu_order":0,"comment_status":"closed","ping_status":"closed","template":"elementor_header_footer","meta":{"footnotes":""},"class_list":["post-107","page","type-page","status-publish","hentry"],"_links":{"self":[{"href":"https:\/\/modesta-hilfe.de\/de_de\/wp-json\/wp\/v2\/pages\/107","targetHints":{"allow":["GET"]}}],"collection":[{"href":"https:\/\/modesta-hilfe.de\/de_de\/wp-json\/wp\/v2\/pages"}],"about":[{"href":"https:\/\/modesta-hilfe.de\/de_de\/wp-json\/wp\/v2\/types\/page"}],"author":[{"embeddable":true,"href":"https:\/\/modesta-hilfe.de\/de_de\/wp-json\/wp\/v2\/users\/1"}],"replies":[{"embeddable":true,"href":"https:\/\/modesta-hilfe.de\/de_de\/wp-json\/wp\/v2\/comments?post=107"}],"version-history":[{"count":84,"href":"https:\/\/modesta-hilfe.de\/de_de\/wp-json\/wp\/v2\/pages\/107\/revisions"}],"predecessor-version":[{"id":1716,"href":"https:\/\/modesta-hilfe.de\/de_de\/wp-json\/wp\/v2\/pages\/107\/revisions\/1716"}],"wp:attachment":[{"href":"https:\/\/modesta-hilfe.de\/de_de\/wp-json\/wp\/v2\/media?parent=107"}],"curies":[{"name":"wp","href":"https:\/\/api.w.org\/{rel}","templated":true}]}}