{"id":107,"date":"2025-05-06T12:28:44","date_gmt":"2025-05-06T12:28:44","guid":{"rendered":"https:\/\/modesta-hilfe.de\/?page_id=107"},"modified":"2026-01-12T12:04:04","modified_gmt":"2026-01-12T12:04:04","slug":"datenschutzerklarung","status":"publish","type":"page","link":"https:\/\/modesta-hilfe.de\/en\/datenschutzerklarung\/","title":{"rendered":"Privacy Policy"},"content":{"rendered":"<div data-elementor-type=\"wp-page\" data-elementor-id=\"107\" class=\"elementor elementor-107\">\n\t\t\t\t<div class=\"elementor-element elementor-element-bc8f624 e-flex e-con-boxed e-con e-parent\" data-id=\"bc8f624\" data-element_type=\"container\" data-e-type=\"container\">\n\t\t\t\t\t<div class=\"e-con-inner\">\n\t\t\t\t<div class=\"elementor-element elementor-element-23370c9 e-transform elementor-widget elementor-widget-text-editor\" data-id=\"23370c9\" data-element_type=\"widget\" data-e-type=\"widget\" data-settings=\"{&quot;_transform_translateY_effect&quot;:{&quot;unit&quot;:&quot;px&quot;,&quot;size&quot;:0,&quot;sizes&quot;:[]},&quot;_transform_translateX_effect&quot;:{&quot;unit&quot;:&quot;px&quot;,&quot;size&quot;:&quot;&quot;,&quot;sizes&quot;:[]},&quot;_transform_translateX_effect_tablet&quot;:{&quot;unit&quot;:&quot;px&quot;,&quot;size&quot;:&quot;&quot;,&quot;sizes&quot;:[]},&quot;_transform_translateX_effect_mobile&quot;:{&quot;unit&quot;:&quot;px&quot;,&quot;size&quot;:&quot;&quot;,&quot;sizes&quot;:[]},&quot;_transform_translateY_effect_tablet&quot;:{&quot;unit&quot;:&quot;px&quot;,&quot;size&quot;:&quot;&quot;,&quot;sizes&quot;:[]},&quot;_transform_translateY_effect_mobile&quot;:{&quot;unit&quot;:&quot;px&quot;,&quot;size&quot;:&quot;&quot;,&quot;sizes&quot;:[]}}\" data-widget_type=\"text-editor.default\">\n\t\t\t\t<div class=\"elementor-widget-container\">\n\t\t\t\t\t\t\t\t\t<h3 style=\"text-align: center;\" data-start=\"1582\" data-end=\"1610\">\u00a0<\/h3><h4 style=\"text-align: left; padding-left: 40px;\" data-start=\"1582\" data-end=\"1610\"><strong data-start=\"559\" data-end=\"583\">Privacy Policy<\/strong><\/h4><hr \/><h3 class=\"\" style=\"padding-left: 40px;\" data-start=\"585\" data-end=\"613\">1. General information<\/h3><p class=\"\" style=\"padding-left: 40px;\" data-start=\"614\" data-end=\"941\">The protection of your personal data is of particular concern to us. We therefore process your data exclusively on the basis of the statutory provisions (in particular <strong data-start=\"789\" data-end=\"798\">GDPR<\/strong> and <strong data-start=\"803\" data-end=\"812\">TTDSG<\/strong>). In this data protection information, we inform you about the most important aspects of data processing on our website.<\/p><hr class=\"\" style=\"padding-left: 40px;\" data-start=\"943\" data-end=\"946\" \/><h3 class=\"\" style=\"padding-left: 40px;\" data-start=\"948\" data-end=\"973\">2. Responsible party<\/h3><p class=\"\" style=\"padding-left: 40px;\" data-start=\"974\" data-end=\"1097\"><strong data-start=\"974\" data-end=\"1013\">F\u00f6rderverein Sr. Modesta-Hilfe e.V.<\/strong><br data-start=\"1013\" data-end=\"1016\" \/>Christa Mertens<br data-start=\"1031\" data-end=\"1034\" \/>L\u00fcftenweg 7<br data-start=\"1045\" data-end=\"1048\" \/>83646 Wackersberg<br data-start=\"1065\" data-end=\"1068\" \/>E-Mail: <a class=\"cursor-pointer\" rel=\"noopener\" data-start=\"1076\" data-end=\"1097\">info@modesta-hilfe.de<\/a><\/p><hr class=\"\" style=\"padding-left: 40px;\" data-start=\"1099\" data-end=\"1102\" \/><h3 class=\"\" style=\"padding-left: 40px;\" data-start=\"1104\" data-end=\"1120\">3. Hosting<\/h3><p class=\"\" style=\"padding-left: 40px;\" data-start=\"1121\" data-end=\"1350\">Our website is hosted by <strong data-start=\"1145\" data-end=\"1157\">IONOS SE<\/strong>, Elgendorfer Str. 57, 56410 Montabaur.<br data-start=\"1205\" data-end=\"1208\" \/>IONOS automatically collects and stores information in so-called server log files, which your browser automatically transmits. These are, for example:<\/p><ul><li style=\"list-style-type: none;\"><ul data-start=\"1351\" data-end=\"1478\"><li class=\"\" data-start=\"1351\" data-end=\"1363\"><p class=\"\" data-start=\"1353\" data-end=\"1363\">IP address<\/p><\/li><li class=\"\" data-start=\"1364\" data-end=\"1395\"><p class=\"\" data-start=\"1366\" data-end=\"1395\">Date and time of the access call<\/p><\/li><li class=\"\" data-start=\"1396\" data-end=\"1423\"><p class=\"\" data-start=\"1398\" data-end=\"1423\">Page \/ file accessed<\/p><\/li><li class=\"\" data-start=\"1424\" data-end=\"1449\"><p class=\"\" data-start=\"1426\" data-end=\"1449\">Browser type and version<\/p><\/li><li class=\"\" data-start=\"1450\" data-end=\"1478\"><p class=\"\" data-start=\"1452\" data-end=\"1478\">Operating system used<\/p><\/li><\/ul><\/li><\/ul><p class=\"\" style=\"padding-left: 40px;\" data-start=\"1480\" data-end=\"1664\">This data processing is carried out for the technically error-free provision of the website and to ensure system security (Art. 6 para. 1 lit. f GDPR - legitimate interest).<\/p><p class=\"\" style=\"padding-left: 40px;\" data-start=\"1666\" data-end=\"1737\">An order processing contract with IONOS exists in accordance with Art. 28 GDPR.<\/p><hr class=\"\" style=\"padding-left: 40px;\" data-start=\"1739\" data-end=\"1742\" \/><h3 class=\"\" style=\"padding-left: 40px;\" data-start=\"1744\" data-end=\"1778\">4. Contact form (WPForms)<\/h3><p class=\"\" style=\"padding-left: 40px;\" data-start=\"1779\" data-end=\"2093\">If you contact us using the form on the website, the data you provide will be stored for the purpose of processing the inquiry and in the event of follow-up questions. We will not pass <strong data-start=\"1988\" data-end=\"2020\">on this data without your<\/strong> consent.<br data-start=\"2028\" data-end=\"2031\" \/><strong data-start=\"2031\" data-end=\"2051\">Legal basis:<\/strong> Art. 6 para. 1 lit. a GDPR (consent)<\/p><hr class=\"\" style=\"padding-left: 40px;\" data-start=\"2095\" data-end=\"2098\" \/><h3 class=\"\" style=\"padding-left: 40px;\" data-start=\"2100\" data-end=\"2128\">5 Cookies and consent<\/h3><p class=\"\" style=\"padding-left: 40px;\" data-start=\"2129\" data-end=\"2476\">You can change your selection at any time via the cookie banner (Compliance), <strong data-start=\"814\" data-end=\"872\">provided that cookies requiring consent are used.<\/strong><br data-start=\"872\" data-end=\"875\" \/><strong>No such cookies are currently set, so no banner may appear.<\/strong><\/p><p class=\"\" style=\"padding-left: 40px;\" data-start=\"2478\" data-end=\"2500\"><strong data-start=\"2478\" data-end=\"2498\">Legal basis:<\/strong><\/p><ul><li style=\"list-style-type: none;\"><ul data-start=\"2501\" data-end=\"2668\"><li class=\"\" data-start=\"2501\" data-end=\"2581\"><p class=\"\" data-start=\"2503\" data-end=\"2581\">for essential cookies: Art. 6 para. 1 lit. f GDPR (legitimate interest)<\/p><\/li><li class=\"\" data-start=\"2582\" data-end=\"2668\"><p class=\"\" data-start=\"2584\" data-end=\"2668\">for all other cookies: Art. 6 para. 1 lit. a GDPR in conjunction with \u00a725 TTDSG (consent)<\/p><\/li><\/ul><\/li><\/ul><hr class=\"\" style=\"padding-left: 40px;\" data-start=\"2670\" data-end=\"2673\" \/><h3 class=\"\" style=\"padding-left: 40px;\" data-start=\"2675\" data-end=\"2715\">6. External content \/ analysis tools<\/h3><p class=\"\" style=\"padding-left: 40px;\" data-start=\"2716\" data-end=\"2952\">We do not use <strong data-start=\"2730\" data-end=\"2756\">any web analysis tools,<\/strong>, <strong data-start=\"2758\" data-end=\"2801\">externally integrated fonts<\/strong> (e.g. Google Fonts) or <strong data-start=\"2827\" data-end=\"2857\">social media plugins.<\/strong>.<br data-start=\"2858\" data-end=\"2861\" \/>Third-party content such as YouTube, Google Maps or similar services are not currently used.<\/p><hr class=\"\" style=\"padding-left: 40px;\" data-start=\"2954\" data-end=\"2957\" \/><h3 class=\"\" style=\"padding-left: 40px;\" data-start=\"2959\" data-end=\"3017\">7. Do Not Track &amp; Global Privacy Control (GPC)<\/h3><p class=\"\" style=\"padding-left: 40px;\" data-start=\"3018\" data-end=\"3335\">Our website respects the data protection signals set by your browser such as <strong data-start=\"3100\" data-end=\"3124\">\u201cDo Not Track\u201d (DNT)<\/strong> and <strong data-start=\"3129\" data-end=\"3163\">\u201cGlobal Privacy Control\u201d (GPC).<\/strong>.<br data-start=\"3164\" data-end=\"3167\" \/>If your browser transmits such a signal, we automatically block all unnecessary cookies and services - even without your active selection in the cookie banner.<\/p><hr class=\"\" style=\"padding-left: 40px;\" data-start=\"3337\" data-end=\"3340\" \/><h3 class=\"\" style=\"padding-left: 40px;\" data-start=\"3342\" data-end=\"3383\">8. Donation note \/ account details<\/h3><p class=\"\" style=\"padding-left: 40px;\" data-start=\"3384\" data-end=\"3715\">If you make a donation by bank transfer, personal data (e.g. name, IBAN, purpose) may be transmitted to us by your bank. We use this data exclusively for allocation and, if applicable, to issue a donation receipt. Data processing is carried out in accordance with Art. 6 para. 1 lit. b GDPR (contract \/ donation).<\/p><p class=\"\" style=\"padding-left: 40px;\" data-start=\"3717\" data-end=\"3797\">Processing by your bank is subject to its own data protection guidelines.<\/p><hr class=\"\" style=\"padding-left: 40px;\" data-start=\"3799\" data-end=\"3802\" \/><h3 class=\"\" style=\"padding-left: 40px;\" data-start=\"3804\" data-end=\"3824\">9. Your rights<\/h3><p class=\"\" style=\"padding-left: 40px;\" data-start=\"3825\" data-end=\"3857\">You have the following rights:<\/p><ul><li style=\"list-style-type: none;\"><ul data-start=\"3858\" data-end=\"4143\"><li class=\"\" data-start=\"3858\" data-end=\"3894\"><p class=\"\" data-start=\"3860\" data-end=\"3894\">Right of access (Art. 15 GDPR)<\/p><\/li><li class=\"\" data-start=\"3895\" data-end=\"3935\"><p class=\"\" data-start=\"3897\" data-end=\"3935\">Right to rectification (Art. 16 GDPR)<\/p><\/li><li class=\"\" data-start=\"3936\" data-end=\"3972\"><p class=\"\" data-start=\"3938\" data-end=\"3972\">Right to erasure (Art. 17 GDPR)<\/p><\/li><li class=\"\" data-start=\"3973\" data-end=\"4031\"><p class=\"\" data-start=\"3975\" data-end=\"4031\">Right to restriction of processing (Art. 18 GDPR)<\/p><\/li><li class=\"\" data-start=\"4032\" data-end=\"4080\"><p class=\"\" data-start=\"4034\" data-end=\"4080\">Right to data portability (Art. 20 GDPR)<\/p><\/li><li class=\"\" data-start=\"4081\" data-end=\"4143\"><p class=\"\" data-start=\"4083\" data-end=\"4143\">Right to object to the processing (Art. 21 GDPR)<\/p><\/li><\/ul><\/li><\/ul><p class=\"\" style=\"padding-left: 40px;\" data-start=\"4145\" data-end=\"4315\">If you believe that the processing of your data violates data protection law, you have the right to lodge a complaint <strong data-start=\"4268\" data-end=\"4300\">with the competent<\/strong> supervisory authority.<\/p><hr class=\"\" style=\"padding-left: 40px;\" data-start=\"4317\" data-end=\"4320\" \/><h3 class=\"\" style=\"padding-left: 40px;\" data-start=\"4322\" data-end=\"4351\">10. contact data protection<\/h3><p class=\"\" style=\"padding-left: 40px;\" data-start=\"4352\" data-end=\"4440\">For data protection concerns, please contact:<br data-start=\"4412\" data-end=\"4415\" \/><strong data-start=\"4415\" data-end=\"4440\"><a class=\"cursor-pointer\" rel=\"noopener\" data-start=\"4417\" data-end=\"4438\">info@modesta-hilfe.de<\/a><\/strong><\/p><hr class=\"\" style=\"padding-left: 40px;\" data-start=\"4442\" data-end=\"4445\" \/><h3 class=\"\" style=\"padding-left: 40px;\" data-start=\"4447\" data-end=\"4491\">Status of the privacy policy: May 2025<\/h3>\t\t\t\t\t\t\t\t<\/div>\n\t\t\t\t<\/div>\n\t\t\t\t\t<\/div>\n\t\t\t\t<\/div>\n\t\t<div class=\"elementor-element elementor-element-4087490 e-flex e-con-boxed e-con e-parent\" data-id=\"4087490\" data-element_type=\"container\" data-e-type=\"container\">\n\t\t\t\t\t<div class=\"e-con-inner\">\n\t\t\t\t\t<\/div>\n\t\t\t\t<\/div>\n\t\t\t\t<\/div>","protected":false},"excerpt":{"rendered":"<p>\u00a0 Datenschutzerkl\u00e4rung 1. Allgemeiner Hinweis Der Schutz Ihrer pers\u00f6nlichen Daten ist uns ein besonderes Anliegen. Wir verarbeiten Ihre Daten daher ausschlie\u00dflich auf Grundlage der gesetzlichen Bestimmungen (insbesondere DSGVO und TTDSG). In diesen Datenschutzinformationen informieren wir Sie \u00fcber die wichtigsten Aspekte der Datenverarbeitung auf unserer Website. 2. Verantwortlicher F\u00f6rderverein Sr. Modesta-Hilfe e.V.Christa MertensL\u00fcftenweg 783646 WackersbergE-Mail: info@modesta-hilfe.de [&hellip;]<\/p>\n","protected":false},"author":1,"featured_media":0,"parent":0,"menu_order":0,"comment_status":"closed","ping_status":"closed","template":"elementor_header_footer","meta":{"footnotes":""},"class_list":["post-107","page","type-page","status-publish","hentry"],"_links":{"self":[{"href":"https:\/\/modesta-hilfe.de\/en\/wp-json\/wp\/v2\/pages\/107","targetHints":{"allow":["GET"]}}],"collection":[{"href":"https:\/\/modesta-hilfe.de\/en\/wp-json\/wp\/v2\/pages"}],"about":[{"href":"https:\/\/modesta-hilfe.de\/en\/wp-json\/wp\/v2\/types\/page"}],"author":[{"embeddable":true,"href":"https:\/\/modesta-hilfe.de\/en\/wp-json\/wp\/v2\/users\/1"}],"replies":[{"embeddable":true,"href":"https:\/\/modesta-hilfe.de\/en\/wp-json\/wp\/v2\/comments?post=107"}],"version-history":[{"count":84,"href":"https:\/\/modesta-hilfe.de\/en\/wp-json\/wp\/v2\/pages\/107\/revisions"}],"predecessor-version":[{"id":1716,"href":"https:\/\/modesta-hilfe.de\/en\/wp-json\/wp\/v2\/pages\/107\/revisions\/1716"}],"wp:attachment":[{"href":"https:\/\/modesta-hilfe.de\/en\/wp-json\/wp\/v2\/media?parent=107"}],"curies":[{"name":"wp","href":"https:\/\/api.w.org\/{rel}","templated":true}]}}